{"id":22,"date":"2017-03-25T15:30:59","date_gmt":"2017-03-25T14:30:59","guid":{"rendered":"http:\/\/ktownpb.de\/page\/?page_id=22"},"modified":"2026-03-22T18:58:36","modified_gmt":"2026-03-22T17:58:36","slug":"ueber-uns","status":"publish","type":"page","link":"https:\/\/ktownpb.de\/page\/ueber-uns\/","title":{"rendered":"\u00dcber uns"},"content":{"rendered":"<p><i>&#8222;K-Town, wo liegt denn das?&#8220;<\/i><br \/>\nSchon oft wurde ger\u00e4tselt, was hinter dem K steckt. Nun, unser Bandname verbindet uns mit den nahegelegenen St\u00fctzpunkten des US-Milit\u00e4rs, insbesondere der Airbase Ramstein, denn da &#8222;Kaiserslautern&#8220; f\u00fcr viele amerikanische Zungen zu viel des Guten ist, hat sich dort der Name K-Town etabliert. Und wir haben ihn \u00fcbernommen.<br \/>\n<img loading=\"lazy\" decoding=\"async\" class=\"alignright size-medium wp-image-598\" src=\"https:\/\/ktownpb.de\/page\/wp-content\/uploads\/2020\/08\/IMG-20200728-WA0004-300x225.jpg\" alt=\"\" width=\"300\" height=\"225\" srcset=\"https:\/\/ktownpb.de\/page\/wp-content\/uploads\/2020\/08\/IMG-20200728-WA0004-300x225.jpg 300w, https:\/\/ktownpb.de\/page\/wp-content\/uploads\/2020\/08\/IMG-20200728-WA0004-1024x768.jpg 1024w, https:\/\/ktownpb.de\/page\/wp-content\/uploads\/2020\/08\/IMG-20200728-WA0004-768x576.jpg 768w, https:\/\/ktownpb.de\/page\/wp-content\/uploads\/2020\/08\/IMG-20200728-WA0004-1536x1152.jpg 1536w, https:\/\/ktownpb.de\/page\/wp-content\/uploads\/2020\/08\/IMG-20200728-WA0004-624x468.jpg 624w, https:\/\/ktownpb.de\/page\/wp-content\/uploads\/2020\/08\/IMG-20200728-WA0004.jpg 1600w\" sizes=\"auto, (max-width: 300px) 100vw, 300px\" \/><\/p>\n<p>Die <i>K-Town Pipe Band<\/i> wurde im Januar\u00a02015 als Supportband f\u00fcr die <i>Odenwald Pipes and Drums<\/i> mit Spielern aus der Pfalz und dem Saarland gegr\u00fcndet. 2019 wurden wir fl\u00fcgge und haben einen eigenen Verein mit Sitz in Kaiserslautern gegr\u00fcndet.<\/p>\n<p>Unser Repertoire besteht aus traditionellen und modernen schottischen M\u00e4rschen, T\u00e4nzen, Slow Airs und Medleys, gespielt auf Great-Highland-Bagpipes und den typisch schottischen Drums (High Tension Snare, Tenor und Bass).<\/p>\n<p>Zur Zeit besteht die Band aus 15 aktiven Spielern und weiteren 13 in Ausbildung, aus bis zu 70km Umkreis von Kaiserslautern.<\/p>\n<p>Wir tragen den Tartan (das &#8222;Schottenkaro&#8220;) des <a href=\"http:\/\/www.clan-macleod.de\/\">Clan MacLeod of Harris<\/a>.<\/p>\n<p>Das Logo unseres Badges, der rote Teufel &#8211; quasi unser Maskottchen &#8211; symbolisiert ebenfalls die Heimatstadt unseres Vereins. In Kaiserslautern ist der einst legend\u00e4re und heute noch k\u00e4mpferische 1.FC zu Hause, dessen Spieler als die <b>Roten Teufel vom Betzenberg<\/b> (auf dem das Fritz-Walter-Stadion steht) bezeichnet werden. Der Begriff wurde in den 70er Jahren gepr\u00e4gt, als der 1.FC in roten Trikots Angst und Schrecken in der 1. Bundesliga verbreitete. <\/p>\n<p>Wir kommen zwar wesentlich zahmer daher, daf\u00fcr aber umso lauter \ud83d\ude42<br \/>\n<a href=\"https:\/\/ktownpb.de\/page\/wp-content\/uploads\/fck_betzi.jpg\"><img loading=\"lazy\" decoding=\"async\" src=\"https:\/\/ktownpb.de\/page\/wp-content\/uploads\/fck_betzi-136x300.jpg\" alt=\"\" width=\"136\" height=\"300\" class=\"alignright size-medium wp-image-1105\" srcset=\"https:\/\/ktownpb.de\/page\/wp-content\/uploads\/fck_betzi-136x300.jpg 136w, https:\/\/ktownpb.de\/page\/wp-content\/uploads\/fck_betzi-464x1024.jpg 464w, https:\/\/ktownpb.de\/page\/wp-content\/uploads\/fck_betzi-768x1696.jpg 768w, https:\/\/ktownpb.de\/page\/wp-content\/uploads\/fck_betzi-696x1536.jpg 696w, https:\/\/ktownpb.de\/page\/wp-content\/uploads\/fck_betzi-624x1378.jpg 624w, https:\/\/ktownpb.de\/page\/wp-content\/uploads\/fck_betzi.jpg 770w\" sizes=\"auto, (max-width: 136px) 100vw, 136px\" \/><\/a><\/p>\n<p><a href=\"https:\/\/ktownpb.de\/page\/wp-content\/uploads\/Logo-Brief.bmp\"><img loading=\"lazy\" decoding=\"async\" src=\"https:\/\/ktownpb.de\/page\/wp-content\/uploads\/Logo-Brief.bmp\" alt=\"\" width=\"246\" height=\"342\" class=\"alignleft size-full wp-image-1106\" srcset=\"https:\/\/ktownpb.de\/page\/wp-content\/uploads\/Logo-Brief.bmp 246w, https:\/\/ktownpb.de\/page\/wp-content\/uploads\/Logo-Brief-216x300.jpg 216w\" sizes=\"auto, (max-width: 246px) 100vw, 246px\" \/><\/a><\/p>\n","protected":false},"excerpt":{"rendered":"<p>&#8222;K-Town, wo liegt denn das?&#8220; Schon oft wurde ger\u00e4tselt, was hinter dem K steckt. Nun, unser Bandname verbindet uns mit den nahegelegenen St\u00fctzpunkten des US-Milit\u00e4rs, insbesondere der Airbase Ramstein, denn da &#8222;Kaiserslautern&#8220; f\u00fcr viele amerikanische Zungen zu viel des Guten ist, hat sich dort der Name K-Town etabliert. Und wir haben ihn \u00fcbernommen. Die K-Town [&hellip;]<\/p>\n","protected":false},"author":1,"featured_media":0,"parent":0,"menu_order":3,"comment_status":"closed","ping_status":"closed","template":"","meta":{"footnotes":""},"class_list":["post-22","page","type-page","status-publish","hentry"],"_links":{"self":[{"href":"https:\/\/ktownpb.de\/page\/wp-json\/wp\/v2\/pages\/22","targetHints":{"allow":["GET"]}}],"collection":[{"href":"https:\/\/ktownpb.de\/page\/wp-json\/wp\/v2\/pages"}],"about":[{"href":"https:\/\/ktownpb.de\/page\/wp-json\/wp\/v2\/types\/page"}],"author":[{"embeddable":true,"href":"https:\/\/ktownpb.de\/page\/wp-json\/wp\/v2\/users\/1"}],"replies":[{"embeddable":true,"href":"https:\/\/ktownpb.de\/page\/wp-json\/wp\/v2\/comments?post=22"}],"version-history":[{"count":10,"href":"https:\/\/ktownpb.de\/page\/wp-json\/wp\/v2\/pages\/22\/revisions"}],"predecessor-version":[{"id":1124,"href":"https:\/\/ktownpb.de\/page\/wp-json\/wp\/v2\/pages\/22\/revisions\/1124"}],"wp:attachment":[{"href":"https:\/\/ktownpb.de\/page\/wp-json\/wp\/v2\/media?parent=22"}],"curies":[{"name":"wp","href":"https:\/\/api.w.org\/{rel}","templated":true}]}}