{"id":20,"date":"2017-03-23T20:38:10","date_gmt":"2017-03-23T19:38:10","guid":{"rendered":"http:\/\/ktownpb.de\/page\/?page_id=20"},"modified":"2026-03-18T21:23:34","modified_gmt":"2026-03-18T20:23:34","slug":"spielerliste","status":"publish","type":"page","link":"https:\/\/ktownpb.de\/page\/spielerliste\/","title":{"rendered":"Spielerliste"},"content":{"rendered":"<h1>Great Highland Bagpipes<\/h1>\n<p><div id=\"attachment_726\" style=\"width: 310px\" class=\"wp-caption alignright\"><img loading=\"lazy\" decoding=\"async\" aria-describedby=\"caption-attachment-726\" src=\"https:\/\/ktownpb.de\/page\/wp-content\/uploads\/8aca0ecf-cdfd-4cb9-a2d4-b86ea85bb75a-300x200.jpg\" alt=\"\" width=\"300\" height=\"200\" \nclass=\"size-medium wp-image-726\" srcset=\"https:\/\/ktownpb.de\/page\/wp-content\/uploads\/8aca0ecf-cdfd-4cb9-a2d4-b86ea85bb75a-300x200.jpg 300w, https:\/\/ktownpb.de\/page\/wp-content\/uploads\/8aca0ecf-cdfd-4cb9-a2d4-b86ea85bb75a-1024x684.jpg 1024w, https:\/\/ktownpb.de\/page\/wp-content\/uploads\/8aca0ecf-cdfd-4cb9-a2d4-b86ea85bb75a-768x513.jpg 768w, https:\/\/ktownpb.de\/page\/wp-content\/uploads\/8aca0ecf-cdfd-4cb9-a2d4-b86ea85bb75a-624x417.jpg 624w, https:\/\/ktownpb.de\/page\/wp-content\/uploads\/8aca0ecf-cdfd-4cb9-a2d4-b86ea85bb75a.jpg 1200w\" sizes=\"auto, (max-width: 300px) 100vw, 300px\" \/><p id=\"caption-attachment-726\" class=\"wp-caption-text\">\u00a9 alexanderweiss.fotograf.de<\/p><\/div><br \/>\n<a href=\"https:\/\/www.macpiper.de\/\" target=\"_blank\" rel=\"noopener noreferrer\">Marco Lamparth<\/a> &#8211; Pipe Major<br \/>\nHannah Heinrich &#8211; Pipe Sergeant<br \/>\nSilke Homm-Schmidt &#8211; Pipe Corporal<br \/>\n<a href=\"https:\/\/www.youtube.com\/passporttwo\" target=\"_blank\" rel=\"noopener noreferrer\">Donald Ashburn<\/a><br \/>\nFrank Burghardt<br \/>\nWolfgang Germesin<br \/>\nMadlen Janke<br \/>\nMario Kohlhaas<br \/>\nRebecca Schmieden<br \/>\nMarc Sommer<br \/>\nG\u00fcnther Trabant<br \/>\n<a href=\"https:\/\/gerhardwelter.wixsite.com\/website\" target=\"_blank\" rel=\"noopener noreferrer\">Gerhard Welter<\/a><\/p>\n<p><img loading=\"lazy\" decoding=\"async\" src=\"https:\/\/ktownpb.de\/page\/wp-content\/uploads\/DSC_3773_PHOTO-MOMENTS-300x200.jpg\" height=\"200\" width=\"300\" class=\"alignright size-medium wp-image-953\" srcset=\"https:\/\/ktownpb.de\/page\/wp-content\/uploads\/DSC_3773_PHOTO-MOMENTS-300x200.jpg 300w, https:\/\/ktownpb.de\/page\/wp-content\/uploads\/DSC_3773_PHOTO-MOMENTS-1024x682.jpg 1024w, https:\/\/ktownpb.de\/page\/wp-content\/uploads\/DSC_3773_PHOTO-MOMENTS-768x511.jpg 768w, https:\/\/ktownpb.de\/page\/wp-content\/uploads\/DSC_3773_PHOTO-MOMENTS-1536x1022.jpg 1536w, https:\/\/ktownpb.de\/page\/wp-content\/uploads\/DSC_3773_PHOTO-MOMENTS-624x415.jpg 624w, https:\/\/ktownpb.de\/page\/wp-content\/uploads\/DSC_3773_PHOTO-MOMENTS.jpg 1623w\" sizes=\"auto, (max-width: 300px) 100vw, 300px\" \/><\/p>\n<p><strong>Pipe Beginners<\/strong><br \/>\nPamela Agne<br \/>\nMarkus Br\u00fcck<br \/>\nAlisea Enderle<br \/>\nIngo Grunder<br \/>\nThomas Hauschildt<br \/>\nRalph Karch<br \/>\nFranz M\u00fcller<br \/>\nDagmar Reiland-Rhodes<br \/>\nJona Schmidt<br \/>\nBarbara Weber<\/p>\n<h1>Drumcorps<\/h1>\n<p><img loading=\"lazy\" decoding=\"async\" src=\"https:\/\/ktownpb.de\/page\/wp-content\/uploads\/DSC02783-300x169.jpg\" alt=\"\" width=\"300\" height=\"169\" class=\"alignright size-medium wp-image-800\" srcset=\"https:\/\/ktownpb.de\/page\/wp-content\/uploads\/DSC02783-300x169.jpg 300w, https:\/\/ktownpb.de\/page\/wp-content\/uploads\/DSC02783-1024x576.jpg 1024w, https:\/\/ktownpb.de\/page\/wp-content\/uploads\/DSC02783-768x432.jpg 768w, https:\/\/ktownpb.de\/page\/wp-content\/uploads\/DSC02783-1536x864.jpg 1536w, https:\/\/ktownpb.de\/page\/wp-content\/uploads\/DSC02783-scaled.jpg 1920w, https:\/\/ktownpb.de\/page\/wp-content\/uploads\/DSC02783-624x351.jpg 624w\" sizes=\"auto, (max-width: 300px) 100vw, 300px\" \/><\/p>\n<p>Christian Mehlmann &#8211; Bass<br \/>\nRichard Rhodes &#8211; Tenor<br \/>\n<a href=\"https:\/\/highlandsmtb.de\/\" target=\"_blank\" rel=\"noopener noreferrer\">Martin Ruf<\/a> &#8211; Snare (LD)<\/p>\n<p><strong>Drum Beginners<\/strong><br \/>\nAriella Enderle &#8211; Snare<br \/>\nSarah Hauschildt &#8211; Tenor<br \/>\nStefanie Hauschildt &#8211; Tenor<\/p>\n<h2>Currently inactive<\/h2>\n<p><img loading=\"lazy\" decoding=\"async\" src=\"https:\/\/ktownpb.de\/page\/wp-content\/uploads\/DSC_0635_PHOTO-MOMENTS-300x200.jpg\" height=\"200\" width=\"300\" class=\"alignright size-medium wp-image-954\" srcset=\"https:\/\/ktownpb.de\/page\/wp-content\/uploads\/DSC_0635_PHOTO-MOMENTS-300x200.jpg 300w, https:\/\/ktownpb.de\/page\/wp-content\/uploads\/DSC_0635_PHOTO-MOMENTS-1024x682.jpg 1024w, https:\/\/ktownpb.de\/page\/wp-content\/uploads\/DSC_0635_PHOTO-MOMENTS-768x511.jpg 768w, https:\/\/ktownpb.de\/page\/wp-content\/uploads\/DSC_0635_PHOTO-MOMENTS-1536x1022.jpg 1536w, https:\/\/ktownpb.de\/page\/wp-content\/uploads\/DSC_0635_PHOTO-MOMENTS-624x415.jpg 624w, https:\/\/ktownpb.de\/page\/wp-content\/uploads\/DSC_0635_PHOTO-MOMENTS.jpg 1623w\" sizes=\"auto, (max-width: 300px) 100vw, 300px\" \/><br \/>\nMarko Bieck<br \/>\nRobin Emrich<br \/>\nMarkus Engel<br \/>\nJens Giszas<br \/>\nAxel H\u00e4fner<br \/>\nRen\u00e9 Hein<br \/>\nGabriele Janke<br \/>\nMartin K\u00f6hler<br \/>\nManuel Philipp<br \/>\nPetra Schaan<br \/>\nMathias-Arno Schneider<\/p>\n","protected":false},"excerpt":{"rendered":"<p>Great Highland Bagpipes Marco Lamparth &#8211; Pipe Major Hannah Heinrich &#8211; Pipe Sergeant Silke Homm-Schmidt &#8211; Pipe Corporal Donald Ashburn Frank Burghardt Wolfgang Germesin Madlen Janke Mario Kohlhaas Rebecca Schmieden Marc Sommer G\u00fcnther Trabant Gerhard Welter Pipe Beginners Pamela Agne Markus Br\u00fcck Alisea Enderle Ingo Grunder Thomas Hauschildt Ralph Karch Franz M\u00fcller Dagmar Reiland-Rhodes Jona [&hellip;]<\/p>\n","protected":false},"author":1,"featured_media":0,"parent":0,"menu_order":4,"comment_status":"closed","ping_status":"closed","template":"","meta":{"footnotes":""},"class_list":["post-20","page","type-page","status-publish","hentry"],"_links":{"self":[{"href":"https:\/\/ktownpb.de\/page\/wp-json\/wp\/v2\/pages\/20","targetHints":{"allow":["GET"]}}],"collection":[{"href":"https:\/\/ktownpb.de\/page\/wp-json\/wp\/v2\/pages"}],"about":[{"href":"https:\/\/ktownpb.de\/page\/wp-json\/wp\/v2\/types\/page"}],"author":[{"embeddable":true,"href":"https:\/\/ktownpb.de\/page\/wp-json\/wp\/v2\/users\/1"}],"replies":[{"embeddable":true,"href":"https:\/\/ktownpb.de\/page\/wp-json\/wp\/v2\/comments?post=20"}],"version-history":[{"count":10,"href":"https:\/\/ktownpb.de\/page\/wp-json\/wp\/v2\/pages\/20\/revisions"}],"predecessor-version":[{"id":1094,"href":"https:\/\/ktownpb.de\/page\/wp-json\/wp\/v2\/pages\/20\/revisions\/1094"}],"wp:attachment":[{"href":"https:\/\/ktownpb.de\/page\/wp-json\/wp\/v2\/media?parent=20"}],"curies":[{"name":"wp","href":"https:\/\/api.w.org\/{rel}","templated":true}]}}