{"id":18,"date":"2017-03-23T20:35:08","date_gmt":"2017-03-23T19:35:08","guid":{"rendered":"http:\/\/ktownpb.de\/page\/?page_id=18"},"modified":"2019-10-10T23:18:02","modified_gmt":"2019-10-10T21:18:02","slug":"clan-macleod","status":"publish","type":"page","link":"https:\/\/ktownpb.de\/page\/clan-macleod\/","title":{"rendered":"Clan MacLeod"},"content":{"rendered":"<p><strong>MacLeod of Harris<\/strong><\/p>\n<p>Die K-Town Pipe Band tr\u00e4gt den Tartan des Clans &#8222;MacLeod of Harris&#8220;<\/p>\n<div id=\"attachment_71\" style=\"width: 195px\" class=\"wp-caption alignnone\"><img loading=\"lazy\" decoding=\"async\" aria-describedby=\"caption-attachment-71\" class=\"size-medium wp-image-71\" src=\"https:\/\/ktownpb.de\/page\/wp-content\/uploads\/2017\/03\/macleodfamily-185x300.jpg\" alt=\"Hold Fast - Wappen - McLeod Family\" width=\"185\" height=\"300\" srcset=\"https:\/\/ktownpb.de\/page\/wp-content\/uploads\/2017\/03\/macleodfamily-185x300.jpg 185w, https:\/\/ktownpb.de\/page\/wp-content\/uploads\/2017\/03\/macleodfamily.jpg 309w\" sizes=\"auto, (max-width: 185px) 100vw, 185px\" \/><p id=\"caption-attachment-71\" class=\"wp-caption-text\">Hold Fast &#8211; Wappen MacLeod Family<\/p><\/div>\n<p>Der Clan stammt von Leod ab, Sohn Olaf des Schwarzen, der im 13. Jahrhundert lebte und der Neffe des letzten Norwegischen K\u00f6nigs der Isle of Man, Magnus, gewesen ist.<\/p>\n<p>Einer der angesehensten Chiefs war Roderick, der von K\u00f6nig James IV im Jahre 1603 zum Ritter geschlagen wurde.<\/p>\n<p>Er starb im Jahre 1626 und wurde im Clan in h\u00f6chstem Andenken gehalten. Ihm zu Ehren wurde von Patrick Mor MacCrimmon der Piobaireachd Rory Mor&#8217;s Lament f\u00fcr den Dudelsack komponiert.<\/p>\n<p>Sir Reginald, der 24. Chief, war der letzte direkte m\u00e4nnliche Nachfahre der MacLeods of Dunvegan. Seine Tochter Flora MacLeod of MacLeod erlangte als Dame Flora Ber\u00fchmtheit beim Clansvolk. Sie besuchte Clanmitglieder auf der ganzen Welt und unterst\u00fctzte die Gr\u00fcndung der MacLeod Societies in Kanada, Australien, Neuseeland und den USA.<\/p>\n<p>Der amtierende Clanchief ist Hugh MacLeod of MacLeod. Das Motto der MacLeods lautet Hold fast (etwa Bleibt Standhaft).<\/p>\n<p>Quellen:<br \/>\n\u201eThe Origins of the Clan MacLeod and their Place in Scotlands History\u201c<br \/>\n<a href=\"http:\/\/www.clan-macleod.de\/\">Clan MacLeod Gesellschaft Deutschland e.V.<\/a><\/p>\n","protected":false},"excerpt":{"rendered":"<p>MacLeod of Harris Die K-Town Pipe Band tr\u00e4gt den Tartan des Clans &#8222;MacLeod of Harris&#8220; Der Clan stammt von Leod ab, Sohn Olaf des Schwarzen, der im 13. Jahrhundert lebte und der Neffe des letzten Norwegischen K\u00f6nigs der Isle of Man, Magnus, gewesen ist. Einer der angesehensten Chiefs war Roderick, der von K\u00f6nig James IV [&hellip;]<\/p>\n","protected":false},"author":1,"featured_media":0,"parent":0,"menu_order":5,"comment_status":"closed","ping_status":"closed","template":"","meta":{"footnotes":""},"class_list":["post-18","page","type-page","status-publish","hentry"],"_links":{"self":[{"href":"https:\/\/ktownpb.de\/page\/wp-json\/wp\/v2\/pages\/18","targetHints":{"allow":["GET"]}}],"collection":[{"href":"https:\/\/ktownpb.de\/page\/wp-json\/wp\/v2\/pages"}],"about":[{"href":"https:\/\/ktownpb.de\/page\/wp-json\/wp\/v2\/types\/page"}],"author":[{"embeddable":true,"href":"https:\/\/ktownpb.de\/page\/wp-json\/wp\/v2\/users\/1"}],"replies":[{"embeddable":true,"href":"https:\/\/ktownpb.de\/page\/wp-json\/wp\/v2\/comments?post=18"}],"version-history":[{"count":10,"href":"https:\/\/ktownpb.de\/page\/wp-json\/wp\/v2\/pages\/18\/revisions"}],"predecessor-version":[{"id":398,"href":"https:\/\/ktownpb.de\/page\/wp-json\/wp\/v2\/pages\/18\/revisions\/398"}],"wp:attachment":[{"href":"https:\/\/ktownpb.de\/page\/wp-json\/wp\/v2\/media?parent=18"}],"curies":[{"name":"wp","href":"https:\/\/api.w.org\/{rel}","templated":true}]}}