{"id":1104,"date":"2026-03-16T22:55:44","date_gmt":"2026-03-16T21:55:44","guid":{"rendered":"https:\/\/ktownpb.de\/page\/?page_id=1104"},"modified":"2026-03-18T21:37:59","modified_gmt":"2026-03-18T20:37:59","slug":"unser-badge-logo","status":"publish","type":"page","link":"https:\/\/ktownpb.de\/page\/unser-badge-logo\/","title":{"rendered":"Mitmachen"},"content":{"rendered":"<p><strong>Sie haben Lust bei uns mitzumachen?<br \/>\nSowohl Anf\u00e4nger als auch erfahrene Spieler sind bei uns herzlich willkommen.<\/strong><\/p>\n<p>Wir zeigen Ihnen M\u00f6glichkeiten auf, wie man die typisch schottischen Pipeband &#8211; Instrumente erlernen kann.<br \/>\nUnsere Musiker k\u00f6nnen Sie durch Ihren umfassenden Erfahrungsschatz dabei unterst\u00fctzen. Schon fr\u00fch binden wir unsere Beginners in die Bandproben ein, um sie m\u00f6glichst flie\u00dfend in die aktive Band zu integrieren.<br \/>\nDie Spielfertigkeit kann durch Teilnahme an in- und externen Workshops, Schulen der BAG und Kursen bei schottischen und deutschen Lehrern weiter verbessert werden.<\/p>\n<p>Wenn wir Ihr Interesse geweckt haben oder sie bereits eines dieser Instrumente spielen, ist die K-Town Pipe Band der richtige Ansprechpartner.<\/p>\n<p><a href=\"https:\/\/ktownpb.de\/page\/kontakt\/\">Schreiben Sie uns eine Nachricht<\/a>, schnuppern Sie unverbindlich rein in unsere Probe und lernen uns kennen.<\/p>\n<p>Wir w\u00fcrden uns freuen, Sie in unserer Band begr\u00fc\u00dfen zu k\u00f6nnen.<\/p>\n","protected":false},"excerpt":{"rendered":"<p>Sie haben Lust bei uns mitzumachen? Sowohl Anf\u00e4nger als auch erfahrene Spieler sind bei uns herzlich willkommen. Wir zeigen Ihnen M\u00f6glichkeiten auf, wie man die typisch schottischen Pipeband &#8211; Instrumente erlernen kann. Unsere Musiker k\u00f6nnen Sie durch Ihren umfassenden Erfahrungsschatz dabei unterst\u00fctzen. Schon fr\u00fch binden wir unsere Beginners in die Bandproben ein, um sie m\u00f6glichst [&hellip;]<\/p>\n","protected":false},"author":9,"featured_media":0,"parent":0,"menu_order":0,"comment_status":"closed","ping_status":"closed","template":"","meta":{"footnotes":""},"class_list":["post-1104","page","type-page","status-publish","hentry"],"_links":{"self":[{"href":"https:\/\/ktownpb.de\/page\/wp-json\/wp\/v2\/pages\/1104","targetHints":{"allow":["GET"]}}],"collection":[{"href":"https:\/\/ktownpb.de\/page\/wp-json\/wp\/v2\/pages"}],"about":[{"href":"https:\/\/ktownpb.de\/page\/wp-json\/wp\/v2\/types\/page"}],"author":[{"embeddable":true,"href":"https:\/\/ktownpb.de\/page\/wp-json\/wp\/v2\/users\/9"}],"replies":[{"embeddable":true,"href":"https:\/\/ktownpb.de\/page\/wp-json\/wp\/v2\/comments?post=1104"}],"version-history":[{"count":10,"href":"https:\/\/ktownpb.de\/page\/wp-json\/wp\/v2\/pages\/1104\/revisions"}],"predecessor-version":[{"id":1131,"href":"https:\/\/ktownpb.de\/page\/wp-json\/wp\/v2\/pages\/1104\/revisions\/1131"}],"wp:attachment":[{"href":"https:\/\/ktownpb.de\/page\/wp-json\/wp\/v2\/media?parent=1104"}],"curies":[{"name":"wp","href":"https:\/\/api.w.org\/{rel}","templated":true}]}}